{"id":2914,"date":"2022-09-13T06:46:29","date_gmt":"2022-09-13T06:46:29","guid":{"rendered":"https:\/\/hanmer.com.tr\/uber-uns\/"},"modified":"2022-09-13T06:46:29","modified_gmt":"2022-09-13T06:46:29","slug":"uber-uns","status":"publish","type":"page","link":"https:\/\/hanmer.com.tr\/de\/uber-uns\/","title":{"rendered":"\u00dcber uns"},"content":{"rendered":"<section class=\"l-section wpb_row height_medium\"><div class=\"l-section-h i-cf\"><div class=\"g-cols vc_row via_flex valign_top type_default stacking_default\"><div class=\"vc_col-sm-6 wpb_column vc_column_container\"><div class=\"vc_column-inner\"><div class=\"wpb_wrapper\"><div class=\"wpb_text_column\"><div class=\"wpb_wrapper\"><p>Hanmer Automotive stellt vielseitige technische Textilien f\u00fcr die Automobil- und Maschinenbauindustrie her. Unsere Produktion beginnt mit der Herstellung hitzebest\u00e4ndiger, abriebfester, feuerfester (Fr) und schlagfester Produkte unter Verwendung von recycelten Glasfasern (textilverst\u00e4rkt), PET-, PE-, PA 6-, PA 6.6-Multifilament- und Monofilamentfasern. <\/p>\n<h2>Unsere Vision<\/h2>\n<ul>\n<li>Bereitstellung eines kreativen Services, der die Erwartungen \u00fcbertrifft<\/li>\n<li>Ein seri\u00f6ses Unternehmen zu sein, das f\u00fcr seinen Unternehmergeist und sein Prestige in den Sektoren bekannt ist, auf die es sich konzentriert.<\/li>\n<\/ul>\n<h2>Unsere Mission<\/h2>\n<p>Ein Unternehmen zu sein, das Wettbewerbsvorteile bietet, bei der Qualit\u00e4t seiner Produkte und Dienstleistungen keine Kompromisse eingeht, durch seine betriebliche und finanzielle Leistung kontinuierlich und profitabel w\u00e4chst und einen Beitrag f\u00fcr die Gesellschaft und die Umwelt leistet.<\/p>\n<ul>\n<li>Erf\u00fcllung der Kundenkapazit\u00e4t und schnelle Anpassung der Kosten des operativen und administrativen Managements entsprechend<\/li>\n<li>Um unserer Verantwortung gegen\u00fcber unseren Mitarbeitern gerecht zu werden<\/li>\n<li>Schutz unserer Umwelt und Natur<\/li>\n<li>Den Wettbewerbsvorteil unserer Kunden steigern, indem wir qualitativ hochwertige Produkte, Dienstleistungen und L\u00f6sungen anbieten, die ihre Erwartungen erf\u00fcllen.<\/li>\n<li>Kapazit\u00e4tsanforderungen der Kunden erf\u00fcllen und das operative und administrative Management entsprechend schnell anpassen<\/li>\n<li>Wir wollen eine Rentabilit\u00e4t erreichen und aufrechterhalten, die unsere Investitionen und unser kontinuierliches Wachstum finanziert. Wir wollen unserer Verantwortung gegen\u00fcber unseren Mitarbeitern gerecht werden. <\/li>\n<\/ul>\n<\/div><\/div><\/div><\/div><\/div><div class=\"vc_col-sm-6 wpb_column vc_column_container\"><div class=\"vc_column-inner\"><div class=\"wpb_wrapper\"><div class=\"w-image align_none\"><div class=\"w-image-h\"><img decoding=\"async\" width=\"487\" height=\"620\" src=\"https:\/\/hanmer.com.tr\/wp-content\/uploads\/2024\/09\/hakkimizda-gorsel.jpg\" class=\"attachment-large size-large\" alt=\"\" loading=\"lazy\" srcset=\"https:\/\/hanmer.com.tr\/wp-content\/uploads\/2024\/09\/hakkimizda-gorsel.jpg 487w, https:\/\/hanmer.com.tr\/wp-content\/uploads\/2024\/09\/hakkimizda-gorsel-236x300.jpg 236w\" sizes=\"auto, (max-width: 487px) 100vw, 487px\" \/><\/div><\/div><\/div><\/div><\/div><\/div><\/div><\/section>\n","protected":false},"excerpt":{"rendered":"","protected":false},"author":1,"featured_media":0,"parent":0,"menu_order":0,"comment_status":"closed","ping_status":"closed","template":"","meta":{"_acf_changed":false,"footnotes":""},"class_list":["post-2914","page","type-page","status-publish","hentry"],"acf":[],"_links":{"self":[{"href":"https:\/\/hanmer.com.tr\/de\/wp-json\/wp\/v2\/pages\/2914","targetHints":{"allow":["GET"]}}],"collection":[{"href":"https:\/\/hanmer.com.tr\/de\/wp-json\/wp\/v2\/pages"}],"about":[{"href":"https:\/\/hanmer.com.tr\/de\/wp-json\/wp\/v2\/types\/page"}],"author":[{"embeddable":true,"href":"https:\/\/hanmer.com.tr\/de\/wp-json\/wp\/v2\/users\/1"}],"replies":[{"embeddable":true,"href":"https:\/\/hanmer.com.tr\/de\/wp-json\/wp\/v2\/comments?post=2914"}],"version-history":[{"count":0,"href":"https:\/\/hanmer.com.tr\/de\/wp-json\/wp\/v2\/pages\/2914\/revisions"}],"wp:attachment":[{"href":"https:\/\/hanmer.com.tr\/de\/wp-json\/wp\/v2\/media?parent=2914"}],"curies":[{"name":"wp","href":"https:\/\/api.w.org\/{rel}","templated":true}]}}