{"id":2912,"date":"2024-09-18T12:57:39","date_gmt":"2024-09-18T12:57:39","guid":{"rendered":"https:\/\/hanmer.com.tr\/nachhaltigkeit\/"},"modified":"2024-09-18T12:57:39","modified_gmt":"2024-09-18T12:57:39","slug":"nachhaltigkeit","status":"publish","type":"page","link":"https:\/\/hanmer.com.tr\/de\/nachhaltigkeit\/","title":{"rendered":"Nachhaltigkeit"},"content":{"rendered":"<section class=\"l-section wpb_row height_medium\"><div class=\"l-section-h i-cf\"><div class=\"g-cols vc_row via_flex valign_top type_default stacking_default\"><div class=\"vc_col-sm-6 wpb_column vc_column_container\"><div class=\"vc_column-inner\"><div class=\"wpb_wrapper\"><div class=\"wpb_text_column\"><div class=\"wpb_wrapper\"><p>Wir wissen, dass es gemeinsam mit der Natur eine gl\u00e4nzende Zukunft gibt \u2013 f\u00fcr uns, f\u00fcr unsere Mitarbeiter und nat\u00fcrlich f\u00fcr unsere Kunden und Partner. <\/p>\n<p>Deshalb tragen wir durch Recycling, die richtige Materialauswahl, durchdachte Lieferketten und energiesparende Produktionsschritte zur Nachhaltigkeit unserer Produkte bei.<\/p>\n<\/div><\/div><\/div><\/div><\/div><div class=\"vc_col-sm-6 wpb_column vc_column_container\"><div class=\"vc_column-inner\"><div class=\"wpb_wrapper\"><div class=\"w-image align_none\"><div class=\"w-image-h\"><img decoding=\"async\" width=\"945\" height=\"299\" src=\"https:\/\/hanmer.com.tr\/wp-content\/uploads\/2024\/09\/surdubilir-gorsel.png\" class=\"attachment-large size-large\" alt=\"\" loading=\"lazy\" srcset=\"https:\/\/hanmer.com.tr\/wp-content\/uploads\/2024\/09\/surdubilir-gorsel.png 945w, https:\/\/hanmer.com.tr\/wp-content\/uploads\/2024\/09\/surdubilir-gorsel-300x95.png 300w\" sizes=\"auto, (max-width: 945px) 100vw, 945px\" \/><\/div><\/div><\/div><\/div><\/div><\/div><\/div><\/section>\n","protected":false},"excerpt":{"rendered":"","protected":false},"author":3,"featured_media":0,"parent":0,"menu_order":0,"comment_status":"closed","ping_status":"closed","template":"","meta":{"_acf_changed":false,"footnotes":""},"class_list":["post-2912","page","type-page","status-publish","hentry"],"acf":[],"_links":{"self":[{"href":"https:\/\/hanmer.com.tr\/de\/wp-json\/wp\/v2\/pages\/2912","targetHints":{"allow":["GET"]}}],"collection":[{"href":"https:\/\/hanmer.com.tr\/de\/wp-json\/wp\/v2\/pages"}],"about":[{"href":"https:\/\/hanmer.com.tr\/de\/wp-json\/wp\/v2\/types\/page"}],"author":[{"embeddable":true,"href":"https:\/\/hanmer.com.tr\/de\/wp-json\/wp\/v2\/users\/3"}],"replies":[{"embeddable":true,"href":"https:\/\/hanmer.com.tr\/de\/wp-json\/wp\/v2\/comments?post=2912"}],"version-history":[{"count":0,"href":"https:\/\/hanmer.com.tr\/de\/wp-json\/wp\/v2\/pages\/2912\/revisions"}],"wp:attachment":[{"href":"https:\/\/hanmer.com.tr\/de\/wp-json\/wp\/v2\/media?parent=2912"}],"curies":[{"name":"wp","href":"https:\/\/api.w.org\/{rel}","templated":true}]}}