{"id":2911,"date":"2022-09-15T13:38:24","date_gmt":"2022-09-15T13:38:24","guid":{"rendered":"https:\/\/hanmer.com.tr\/qualitat\/"},"modified":"2022-09-15T13:38:24","modified_gmt":"2022-09-15T13:38:24","slug":"qualitat","status":"publish","type":"page","link":"https:\/\/hanmer.com.tr\/de\/qualitat\/","title":{"rendered":"Qualit\u00e4t"},"content":{"rendered":"<section class=\"l-section wpb_row height_small\"><div class=\"l-section-h i-cf\"><div class=\"g-cols vc_row via_flex valign_top type_default stacking_default\"><div class=\"vc_col-sm-6 wpb_column vc_column_container\"><div class=\"vc_column-inner\"><div class=\"wpb_wrapper\"><div class=\"w-grid us_grid type_grid layout_911 cols_2 overflow_hidden preload_style_spinner\" id=\"us_grid_1\" style=\"--columns:2;--gap:1rem;\" data-filterable=\"true\"><style>@media (max-width:600px){#us_grid_1{--columns:1!important}}.layout_911 .w-grid-item-h{background:var(--color-content-bg);color:var(--color-content-text);border-radius:0.3rem;box-shadow:0 0.03rem 0.06rem rgba(0,0,0,0.1),0 0.1rem 0.3rem rgba(0,0,0,0.1);transition-duration:0.3s}.no-touch .layout_911 .w-grid-item-h:hover{box-shadow:0 0.1rem 0.2rem rgba(0,0,0,0.1),0 0.33rem 1rem rgba(0,0,0,0.15);z-index:4}.layout_911 .usg_post_image_1{margin-bottom:-2rem!important}.layout_911 .usg_post_title_1{font-size:1.4rem!important;font-weight:700!important}.layout_911 .usg_vwrapper_1{margin-top:2rem!important;padding:9% 11% 11% 11%!important}@media (max-width:600px){.layout_911 .usg_post_title_1{font-size:1.2rem!important}}<\/style><div class=\"w-grid-list\">\t<article class=\"w-grid-item size_1x1 custom-link post-2718 belgeler type-belgeler status-publish has-post-thumbnail hentry\" data-id=\"2718\">\r\n\t\t<div class=\"w-grid-item-h\">\r\n\t\t\t\t\t\t\t<a href=\"https:\/\/www.hanmer.com.tr\/wp-content\/uploads\/2024\/09\/Hanmer-14001-2023-1.pdf\" aria-label=\"ISO 14001:2015\"><\/a>\r\n\t\t\t\t\t\t<div class=\"w-post-elm post_image usg_post_image_1 stretched\"><a target=\"_blank\" href=\"https:\/\/www.hanmer.com.tr\/wp-content\/uploads\/2024\/09\/Hanmer-14001-2023-1.pdf\" aria-label=\"ISO 14001:2015\"><img loading=\"lazy\" decoding=\"async\" width=\"724\" height=\"1024\" src=\"https:\/\/hanmer.com.tr\/wp-content\/uploads\/2024\/09\/Hanmer-14001-2023-724x1024.jpg\" class=\"attachment-large size-large wp-post-image\" alt=\"\" srcset=\"https:\/\/hanmer.com.tr\/wp-content\/uploads\/2024\/09\/Hanmer-14001-2023-724x1024.jpg 724w, https:\/\/hanmer.com.tr\/wp-content\/uploads\/2024\/09\/Hanmer-14001-2023-212x300.jpg 212w, https:\/\/hanmer.com.tr\/wp-content\/uploads\/2024\/09\/Hanmer-14001-2023.jpg 1000w\" sizes=\"auto, (max-width: 724px) 100vw, 724px\" \/><\/a><\/div><div class=\"w-vwrapper usg_vwrapper_1 align_none valign_top\"><h2 class=\"w-post-elm post_title usg_post_title_1 entry-title color_link_inherit\"><a target=\"_blank\" href=\"https:\/\/www.hanmer.com.tr\/wp-content\/uploads\/2024\/09\/Hanmer-14001-2023-1.pdf\">ISO 14001:2015<\/a><\/h2><\/div>\t\t<\/div>\r\n\t\t\t<\/article>\r\n\t<article class=\"w-grid-item size_1x1 custom-link post-2349 belgeler type-belgeler status-publish has-post-thumbnail hentry\" data-id=\"2349\">\r\n\t\t<div class=\"w-grid-item-h\">\r\n\t\t\t\t\t\t\t<a href=\"https:\/\/www.hanmer.com.tr\/wp-content\/uploads\/2024\/06\/Hanmer-9001-2023-1-2.pdf\" aria-label=\"ISO 9001:2015\"><\/a>\r\n\t\t\t\t\t\t<div class=\"w-post-elm post_image usg_post_image_1 stretched\"><a target=\"_blank\" href=\"https:\/\/www.hanmer.com.tr\/wp-content\/uploads\/2024\/06\/Hanmer-9001-2023-1-2.pdf\" aria-label=\"ISO 9001:2015\"><img loading=\"lazy\" decoding=\"async\" width=\"724\" height=\"1024\" src=\"https:\/\/hanmer.com.tr\/wp-content\/uploads\/2022\/12\/Hanmer-9001-2023-02-724x1024.jpg\" class=\"attachment-large size-large wp-post-image\" alt=\"\" srcset=\"https:\/\/hanmer.com.tr\/wp-content\/uploads\/2022\/12\/Hanmer-9001-2023-02-724x1024.jpg 724w, https:\/\/hanmer.com.tr\/wp-content\/uploads\/2022\/12\/Hanmer-9001-2023-02-212x300.jpg 212w, https:\/\/hanmer.com.tr\/wp-content\/uploads\/2022\/12\/Hanmer-9001-2023-02.jpg 1000w\" sizes=\"auto, (max-width: 724px) 100vw, 724px\" \/><\/a><\/div><div class=\"w-vwrapper usg_vwrapper_1 align_none valign_top\"><h2 class=\"w-post-elm post_title usg_post_title_1 entry-title color_link_inherit\"><a target=\"_blank\" href=\"https:\/\/www.hanmer.com.tr\/wp-content\/uploads\/2024\/06\/Hanmer-9001-2023-1-2.pdf\">ISO 9001:2015<\/a><\/h2><\/div>\t\t<\/div>\r\n\t\t\t<\/article>\r\n<\/div>\t<div class=\"w-grid-preloader\">\r\n\t\t<div class=\"g-preloader type_1\">\r\n\t\t\t<div><\/div>\r\n\t\t<\/div>\r\n\t<\/div>\r\n\t\t<div class=\"w-grid-json hidden\" onclick='return {&quot;action&quot;:&quot;us_ajax_grid&quot;,&quot;infinite_scroll&quot;:0,&quot;max_num_pages&quot;:1,&quot;pagination&quot;:&quot;none&quot;,&quot;template_vars&quot;:{&quot;columns&quot;:&quot;2&quot;,&quot;exclude_items&quot;:&quot;none&quot;,&quot;img_size&quot;:&quot;default&quot;,&quot;ignore_items_size&quot;:0,&quot;items_layout&quot;:&quot;911&quot;,&quot;items_offset&quot;:&quot;1&quot;,&quot;load_animation&quot;:&quot;none&quot;,&quot;overriding_link&quot;:&quot;%7B%22type%22%3A%22custom_field%22%2C%22custom_field%22%3A%22us_attachment_link%22%7D&quot;,&quot;post_id&quot;:0,&quot;query_args&quot;:{&quot;post_type&quot;:[&quot;belgeler&quot;],&quot;post_status&quot;:[&quot;publish&quot;,&quot;acf-disabled&quot;],&quot;posts_per_page&quot;:&quot;30&quot;},&quot;orderby_query_args&quot;:{&quot;orderby&quot;:{&quot;date&quot;:&quot;DESC&quot;}},&quot;type&quot;:&quot;grid&quot;,&quot;us_grid_post_type&quot;:&quot;belgeler&quot;,&quot;us_grid_ajax_index&quot;:1,&quot;us_grid_filter_query_string&quot;:null,&quot;us_grid_index&quot;:1,&quot;page_args&quot;:[],&quot;lang&quot;:&quot;de&quot;}}'><\/div>\r\n\t<\/div><\/div><\/div><\/div><div class=\"vc_col-sm-6 wpb_column vc_column_container\"><div class=\"vc_column-inner\"><div class=\"wpb_wrapper\"><div class=\"wpb_text_column\"><div class=\"wpb_wrapper\"><h2 class=\"w-text\"><span class=\"w-text-h\"><span class=\"w-text-value\">Qualit\u00e4tspolitik<\/span><\/span><\/h2>\n<div class=\"wpb_text_column\">\n<div class=\"wpb_wrapper\">\n<p>Um ein zuverl\u00e4ssiger Gesch\u00e4ftspartner zu sein, der innovative L\u00f6sungen und M\u00f6glichkeiten in der Automobilzulieferindustrie schafft,<\/p>\n<p>\u2022 Die Kundenzufriedenheit steht immer an erster Stelle,<br \/>\n\u2022 Steigerung unserer Rentabilit\u00e4t und Wettbewerbsf\u00e4higkeit durch Senkung unserer Kosten,<br \/>\n\u2022 Um sicherzustellen, dass unsere Produkte und Dienstleistungen unsere Kunden rechtzeitig erreichen,<br \/>\n\u2022 Schrott und Abfall aller Art kontinuierlich zu reduzieren, wenn m\u00f6glich zu vermeiden und so die begrenzten Ressourcen der Welt, in der wir leben, effizienter zu nutzen,<br \/>\nWir verpflichten uns: \u2022 Produktivit\u00e4tssteigerung bis an ihre Grenzen,<br \/>\n\u2022 Schaffung von Arbeitspl\u00e4tzen, die durch Produktionssteigerung und technologischen Fortschritt einen Beitrag zur Volkswirtschaft, Gesellschaft und unserem Land leisten,<br \/>\n\u2022 kontinuierliche \u00dcberwachung des technologischen Fortschritts zur Verbesserung der Produkt- und Servicequalit\u00e4t und mit dem Ziel der Null-Fehler-Strategie,<br \/>\n\u2022 Bereitstellung eines vorbildlichen Arbeitsumfelds f\u00fcr unsere Mitarbeiter, in dem sie stolz darauf sind, Hanmer-Mitarbeiter zu sein, und Priorisierung der Zufriedenheit aller unserer Stakeholder, sowohl Lieferanten als auch Kapitaleigner,<br \/>\n\u2022 kontinuierliche Verbesserung der Effektivit\u00e4t unseres Qualit\u00e4tsmanagementsystems und dessen Einhaltung der geltenden Anforderungen.<\/p>\n<\/div>\n<\/div>\n<\/div><\/div><\/div><\/div><\/div><\/div><\/div><\/section>\n","protected":false},"excerpt":{"rendered":"","protected":false},"author":1,"featured_media":0,"parent":0,"menu_order":0,"comment_status":"closed","ping_status":"closed","template":"","meta":{"_acf_changed":false,"footnotes":""},"class_list":["post-2911","page","type-page","status-publish","hentry"],"acf":[],"_links":{"self":[{"href":"https:\/\/hanmer.com.tr\/de\/wp-json\/wp\/v2\/pages\/2911","targetHints":{"allow":["GET"]}}],"collection":[{"href":"https:\/\/hanmer.com.tr\/de\/wp-json\/wp\/v2\/pages"}],"about":[{"href":"https:\/\/hanmer.com.tr\/de\/wp-json\/wp\/v2\/types\/page"}],"author":[{"embeddable":true,"href":"https:\/\/hanmer.com.tr\/de\/wp-json\/wp\/v2\/users\/1"}],"replies":[{"embeddable":true,"href":"https:\/\/hanmer.com.tr\/de\/wp-json\/wp\/v2\/comments?post=2911"}],"version-history":[{"count":0,"href":"https:\/\/hanmer.com.tr\/de\/wp-json\/wp\/v2\/pages\/2911\/revisions"}],"wp:attachment":[{"href":"https:\/\/hanmer.com.tr\/de\/wp-json\/wp\/v2\/media?parent=2911"}],"curies":[{"name":"wp","href":"https:\/\/api.w.org\/{rel}","templated":true}]}}