{"id":2843,"date":"2022-06-01T10:47:15","date_gmt":"2022-06-01T10:47:15","guid":{"rendered":"https:\/\/hanmer.com.tr\/startseite\/"},"modified":"2022-06-01T10:47:15","modified_gmt":"2022-06-01T10:47:15","slug":"startseite","status":"publish","type":"page","link":"https:\/\/hanmer.com.tr\/de\/","title":{"rendered":"Startseite"},"content":{"rendered":"<p>          <section class=\"l-section wpb_row us_custom_edb423b1 height_huge color_secondary with_img parallax_ver parallax_xpos_left\" id=\"homepage\"><div class=\"l-section-img\" role=\"img\" aria-label=\"Bild\" data-img-width=\"1909\" data-img-height=\"1273\" style=\"background-image: url(https:\/\/hanmer.com.tr\/wp-content\/uploads\/2024\/08\/ana-mahset-resim.jpg);background-position: center left;\"><\/div><div class=\"l-section-overlay\" style=\"background:linear-gradient(90deg,#000,rgba(0,0,0,0.00))\"><\/div><div class=\"l-section-h i-cf\"><div class=\"g-cols vc_row via_flex valign_middle type_default stacking_default\">\n            <div class=\"vc_col-sm-12 wpb_column vc_column_container\"><div class=\"vc_column-inner us_custom_8eefab1a\"><div class=\"wpb_wrapper\">\n              <div class=\"w-vwrapper align_none valign_top\">\n                <div class=\"w-separator size_custom\" style=\"height:7em\"><\/div>\n                <h1 class=\"w-text us_custom_a2ebf4ae\"><span class=\"w-text-h\"><span class=\"w-text-value\">Schutzsysteme<\/span><\/span><\/h1>\n                <div class=\"wpb_text_column\"><div class=\"wpb_wrapper\"><p>Unsere Expertise: Schutz von elektrischen und fluidtechnischen Schlauchsystemen in sehr anspruchsvollen Umgebungen.<\/p>\n<\/div><\/div>\n                <div class=\"w-separator size_custom\" style=\"height:7rem\"><\/div>\n              <\/div>\n            <\/div><\/div><\/div>\n          <\/div><\/div><\/section>\n          <section class=\"l-section wpb_row height_auto\"><div class=\"l-section-h i-cf\"><div class=\"g-cols vc_row via_flex valign_top type_default stacking_default\">\n            <div class=\"vc_col-sm-12 wpb_column vc_column_container\"><div class=\"vc_column-inner\"><div class=\"wpb_wrapper\">\n              <div class=\"w-html\"><div class=\"mouse scroll__div\">\n<span class=\"mouse__wheel\"><\/span>\n<\/div><\/div>\n            <\/div><\/div><\/div>\n          <\/div><\/div><\/section>\n          <section class=\"l-section wpb_row height_medium\"><div class=\"l-section-h i-cf\"><div class=\"g-cols vc_row via_flex valign_top type_default stacking_default\">\n            <div class=\"vc_col-sm-12 wpb_column vc_column_container\"><div class=\"vc_column-inner\"><div class=\"wpb_wrapper\">\n              <div class=\"w-image align_center\"><div class=\"w-image-h\"><img decoding=\"async\" width=\"859\" height=\"489\" src=\"https:\/\/hanmer.com.tr\/wp-content\/uploads\/2024\/06\/image.jpg\" class=\"attachment-full size-full\" alt=\"\" loading=\"lazy\" srcset=\"https:\/\/hanmer.com.tr\/wp-content\/uploads\/2024\/06\/image.jpg 859w, https:\/\/hanmer.com.tr\/wp-content\/uploads\/2024\/06\/image-300x171.jpg 300w\" sizes=\"auto, (max-width: 859px) 100vw, 859px\" \/><\/div><\/div>\n            <\/div><\/div><\/div>\n          <\/div><\/div><\/section>\n          <section class=\"l-section wpb_row us_custom_057801f8 height_medium\"><div class=\"l-section-h i-cf\"><div class=\"g-cols vc_row via_flex valign_middle type_default stacking_default\">\n            <div class=\"vc_col-sm-6 wpb_column vc_column_container\"><div class=\"vc_column-inner\"><div class=\"wpb_wrapper\">\n              <div class=\"w-image us_custom_447bff20 has_ratio align_none\"><div class=\"w-image-h\"><div style=\"padding-bottom:56.25%\"><\/div><img decoding=\"async\" width=\"1024\" height=\"584\" src=\"https:\/\/hanmer.com.tr\/wp-content\/uploads\/2024\/09\/image-02-1024x584.jpg\" class=\"attachment-large size-large\" alt=\"\" loading=\"lazy\" \/><\/div><\/div>\n            <\/div><\/div><\/div>\n            <div class=\"vc_col-sm-6 wpb_column vc_column_container\"><div class=\"vc_column-inner\"><div class=\"wpb_wrapper\">\n              <h2 class=\"w-text\"><span class=\"w-text-h\"><span class=\"w-text-value\">Technische Textilien f\u00fcr die Automobilindustrie<\/span><\/span><\/h2>\n              <div class=\"wpb_text_column\"><div class=\"wpb_wrapper\"><p>Wir bieten leistungsstarke und zuverl\u00e4ssige L\u00f6sungen mit technischen Textilien f\u00fcr den Schutz von elektrischen Netzen und die sichere Fl\u00fcssigkeits\u00fcbertragung in der Automobilindustrie und anderen industriellen Anwendungen. Um Schutz in den anspruchsvollsten Umgebungen wie Abrieb, Temperatur, L\u00e4rm und Vibrationen zu gew\u00e4hrleisten. Wir bieten unseren Kunden Komplettl\u00f6sungen.  <\/p>\n<\/div><\/div>\n              <div class=\"w-separator size_small\"><\/div>\n              <div class=\"w-btn-wrapper align_none\"><a class=\"w-btn us-btn-style_1 icon_atright\" href=\"https:\/\/www.hanmer.com.tr\/urun\/urun-adi-3\/\"><span class=\"w-btn-label\">Produkte ansehen<\/span><i class=\"far fa-arrow-right\"><\/i><\/a><\/div>\n            <\/div><\/div><\/div>\n          <\/div><\/div><\/section>\n          <section class=\"l-section wpb_row us_custom_057801f8 height_medium\"><div class=\"l-section-h i-cf\"><div class=\"g-cols vc_row via_flex valign_middle type_default reversed stacking_default\">\n            <div class=\"vc_col-sm-6 wpb_column vc_column_container\"><div class=\"vc_column-inner\"><div class=\"wpb_wrapper\">\n              <h2 class=\"w-text\"><span class=\"w-text-h\"><span class=\"w-text-value\">Automobilmarkt<\/span><\/span><\/h2>\n              <div class=\"wpb_text_column\"><div class=\"wpb_wrapper\"><p>Elektrische und fluidtechnische Schlauchsysteme sind das Nervensystem eines Fahrzeugs. Fahrzeuge wurden mit Medieninhalten, Sicherheits- und Komfortmerkmalen angereichert, die Autonomie wurde erh\u00f6ht und mit der Entwicklung von Hybrid- und Elektroantrieben wird die Architektur dieses Nervensystems immer komplexer. Dank unserer Erfahrung und Expertise bieten wir die optimalen L\u00f6sungen, die die Erwartungen des Automobilmarktes in Bezug auf Qualit\u00e4t und Leistung erf\u00fcllen.  <\/p>\n<\/div><\/div>\n              <div class=\"w-separator size_small\"><\/div>\n              <div class=\"w-btn-wrapper align_none\"><a class=\"w-btn us-btn-style_1 icon_atright\" href=\"https:\/\/www.hanmer.com.tr\/urun\/urun-adi-3\/\"><span class=\"w-btn-label\">Produkte ansehen<\/span><i class=\"far fa-arrow-right\"><\/i><\/a><\/div>\n            <\/div><\/div><\/div>\n            <div class=\"vc_col-sm-6 wpb_column vc_column_container\"><div class=\"vc_column-inner\"><div class=\"wpb_wrapper\">\n              <div class=\"w-image us_custom_447bff20 has_ratio align_none\"><div class=\"w-image-h\"><div style=\"padding-bottom:56.25%\"><\/div><img decoding=\"async\" width=\"1024\" height=\"683\" src=\"https:\/\/hanmer.com.tr\/wp-content\/uploads\/2024\/09\/Otomotiv-pazari-yazisi-resmi-1024x683.jpg\" class=\"attachment-large size-large\" alt=\"\" loading=\"lazy\" \/><\/div><\/div>\n            <\/div><\/div><\/div>\n          <\/div><\/div><\/section>\n          <section class=\"l-section wpb_row us_custom_057801f8 height_medium\"><div class=\"l-section-h i-cf\"><div class=\"g-cols vc_row via_flex valign_middle type_default stacking_default\">\n            <div class=\"vc_col-sm-6 wpb_column vc_column_container\"><div class=\"vc_column-inner\"><div class=\"wpb_wrapper\">\n              <div class=\"w-image us_custom_447bff20 has_ratio align_none\"><div class=\"w-image-h\"><div style=\"padding-bottom:56.25%\"><\/div><img decoding=\"async\" width=\"1024\" height=\"683\" src=\"https:\/\/hanmer.com.tr\/wp-content\/uploads\/2024\/09\/Teknik-tekstiller-Yaza-resmi-1024x683.jpg\" class=\"attachment-large size-large\" alt=\"\" loading=\"lazy\" \/><\/div><\/div>\n              <div class=\"w-separator size_small\"><\/div>\n            <\/div><\/div><\/div>\n            <div class=\"vc_col-sm-6 wpb_column vc_column_container\"><div class=\"vc_column-inner\"><div class=\"wpb_wrapper\">\n              <h2 class=\"w-text\"><span class=\"w-text-h\"><span class=\"w-text-value\">Wir entwickeln technische Textilien<\/span><\/span><\/h2>\n              <div class=\"wpb_text_column\"><div class=\"wpb_wrapper\"><p>Wir bieten mit unserer Produkt- und L\u00f6sungspalette, die die Erf\u00fcllung immer wichtiger werdender Einschr\u00e4nkungen wie extremer Hitze, hohem Abrieb und Hochvoltstrom erm\u00f6glicht, L\u00f6sungen f\u00fcr ein breites industrielles Bet\u00e4tigungsfeld.<\/p>\n<\/div><\/div>\n              <div class=\"w-btn-wrapper align_none\"><a class=\"w-btn us-btn-style_1 icon_atright\" href=\"https:\/\/www.hanmer.com.tr\/urun\/urun-adi-3\/\"><span class=\"w-btn-label\">Produkte ansehen<\/span><i class=\"far fa-arrow-right\"><\/i><\/a><\/div>\n            <\/div><\/div><\/div>\n          <\/div><\/div><\/section>\n          <section class=\"l-section wpb_row us_custom_6df4bc3a has_text_color height_medium\"><div class=\"l-section-overlay\" style=\"background:var(--color-footer-bg)\"><\/div><div class=\"l-section-h i-cf\"><div class=\"g-cols vc_row via_flex valign_top type_default stacking_default\">\n            <div class=\"vc_col-sm-12 wpb_column vc_column_container\"><div class=\"vc_column-inner\"><div class=\"wpb_wrapper\">\n              <h2 class=\"w-text us_custom_eb849559\"><span class=\"w-text-h\"><span class=\"w-text-value\">Unsere T\u00e4tigkeitsbereiche<\/span><\/span><\/h2>\n              <div class=\"g-cols wpb_row via_flex valign_top type_default stacking_default\">\n                <div class=\"vc_col-sm-3 wpb_column vc_column_container\"><div class=\"vc_column-inner\"><div class=\"wpb_wrapper\">\n                  <div class=\"w-vwrapper align_none valign_top\">\n                    <div class=\"w-image has_ratio align_none\"><div class=\"w-image-h\"><div style=\"padding-bottom:100%\"><\/div><img decoding=\"async\" width=\"800\" height=\"530\" src=\"https:\/\/hanmer.com.tr\/wp-content\/uploads\/2024\/09\/Is-Makinesi.jpg\" class=\"attachment-large size-large\" alt=\"\" loading=\"lazy\" \/><\/div><\/div>\n                    <h3 class=\"w-text us_custom_b4198c51\"><span class=\"w-text-h\"><span class=\"w-text-value\">Baumaschinen<\/span><\/span><\/h3>\n                  <\/div>\n                <\/div><\/div><\/div>\n                <div class=\"vc_col-sm-3 wpb_column vc_column_container\"><div class=\"vc_column-inner\"><div class=\"wpb_wrapper\">\n                  <div class=\"w-vwrapper align_none valign_top\">\n                    <div class=\"w-image has_ratio align_none\"><div class=\"w-image-h\"><div style=\"padding-bottom:100%\"><\/div><img decoding=\"async\" width=\"1024\" height=\"341\" src=\"https:\/\/hanmer.com.tr\/wp-content\/uploads\/2024\/09\/Elektrik-1024x341.jpg\" class=\"attachment-large size-large\" alt=\"\" loading=\"lazy\" \/><\/div><\/div>\n                    <h3 class=\"w-text us_custom_b4198c51\"><span class=\"w-text-h\"><span class=\"w-text-value\">Elektroindustrie<\/span><\/span><\/h3>\n                  <\/div>\n                <\/div><\/div><\/div>\n                <div class=\"vc_col-sm-3 wpb_column vc_column_container\"><div class=\"vc_column-inner\"><div class=\"wpb_wrapper\">\n                  <div class=\"w-vwrapper align_none valign_top\">\n                    <div class=\"w-image has_ratio align_none\"><div class=\"w-image-h\"><div style=\"padding-bottom:100%\"><\/div><img decoding=\"async\" width=\"576\" height=\"1024\" src=\"https:\/\/hanmer.com.tr\/wp-content\/uploads\/2024\/09\/Tren-576x1024.jpg\" class=\"attachment-large size-large\" alt=\"\" loading=\"lazy\" \/><\/div><\/div>\n                    <h3 class=\"w-text us_custom_b4198c51\"><span class=\"w-text-h\"><span class=\"w-text-value\">Lokomotiv- und Waggonbau<\/span><\/span><\/h3>\n                  <\/div>\n                <\/div><\/div><\/div>\n                <div class=\"vc_col-sm-3 wpb_column vc_column_container\"><div class=\"vc_column-inner\"><div class=\"wpb_wrapper\">\n                  <div class=\"w-vwrapper align_none valign_top\">\n                    <div class=\"w-image has_ratio align_none\"><div class=\"w-image-h\"><div style=\"padding-bottom:100%\"><\/div><img decoding=\"async\" width=\"728\" height=\"410\" src=\"https:\/\/hanmer.com.tr\/wp-content\/uploads\/2024\/09\/otomotiv-sektor-resmi.jpg\" class=\"attachment-large size-large\" alt=\"\" loading=\"lazy\" \/><\/div><\/div>\n                    <h3 class=\"w-text us_custom_b4198c51\"><span class=\"w-text-h\"><span class=\"w-text-value\">Automobilindustrie<\/span><\/span><\/h3>\n                  <\/div>\n                <\/div><\/div><\/div>\n              <\/div>\n            <\/div><\/div><\/div>\n          <\/div><\/div><\/section>\n          <section class=\"l-section wpb_row height_medium\"><div class=\"l-section-h i-cf\"><div class=\"g-cols vc_row via_flex valign_top type_default stacking_default\">\n            <div class=\"vc_col-sm-12 wpb_column vc_column_container\"><div class=\"vc_column-inner\"><div class=\"wpb_wrapper\">\n              <h2 class=\"w-text us_custom_eb849559\"><span class=\"w-text-h\"><span class=\"w-text-value\">Unternehmen, die uns bevorzugen<\/span><\/span><\/h2>\n              <div class=\"w-grid us_carousel type_carousel layout_1771 no_results preload_style_spinner items_4\" id=\"us_grid_1\" style=\"--items:4;--gap:1.5rem;\"><style>.layout_1771 .w-grid-item-h{}.layout_1771 .usg_post_image_1{margin-bottom:0.5rem!important}<\/style><div class=\"w-grid-list owl-carousel valign_stretch dotstyle_circle navstyle_circle arrows-ver-pos_middle arrows-hor-pos_on_sides_outside arrows-disabled_hide owl-responsive-2000 with_dots with_arrows\" style=\"--transition-duration:350ms;--arrows-size:1.5rem;--arrows-hor-offset:calc(0px + 1.5rem);--arrows-gap:10px;\"><\/div><div class=\"w-grid-carousel-json hidden\" onclick='return {&quot;carousel_settings&quot;:{&quot;aria_labels&quot;:{&quot;prev&quot;:&quot;Zur\\u00fcck&quot;,&quot;next&quot;:&quot;Weiter&quot;},&quot;autoplayContinual&quot;:false,&quot;autoplayHoverPause&quot;:false,&quot;autoplayTimeout&quot;:3000,&quot;autoWidth&quot;:false,&quot;smartSpeed&quot;:350,&quot;margin&quot;:0,&quot;mouseDrag&quot;:true,&quot;rtl&quot;:false,&quot;slideBy&quot;:&quot;1&quot;,&quot;touchDrag&quot;:true,&quot;slideTransition&quot;:&quot;&quot;,&quot;responsive&quot;:{&quot;0&quot;:{&quot;autoHeight&quot;:false,&quot;autoplay&quot;:true,&quot;autoWidth&quot;:false,&quot;center&quot;:false,&quot;dots&quot;:true,&quot;items&quot;:2,&quot;loop&quot;:false,&quot;nav&quot;:false,&quot;stagePadding&quot;:0,&quot;slideBy&quot;:&quot;1&quot;},&quot;601&quot;:{&quot;autoHeight&quot;:false,&quot;autoplay&quot;:true,&quot;autoWidth&quot;:false,&quot;center&quot;:false,&quot;dots&quot;:true,&quot;items&quot;:2,&quot;loop&quot;:false,&quot;nav&quot;:true,&quot;stagePadding&quot;:0,&quot;slideBy&quot;:&quot;1&quot;},&quot;1025&quot;:{&quot;autoHeight&quot;:false,&quot;autoplay&quot;:true,&quot;autoWidth&quot;:false,&quot;center&quot;:false,&quot;dots&quot;:true,&quot;items&quot;:3,&quot;loop&quot;:false,&quot;nav&quot;:true,&quot;stagePadding&quot;:0,&quot;slideBy&quot;:&quot;1&quot;},&quot;1381&quot;:{&quot;items&quot;:4,&quot;autoplay&quot;:false,&quot;center&quot;:false,&quot;dots&quot;:true,&quot;nav&quot;:true,&quot;autoHeight&quot;:false,&quot;autoWidth&quot;:false,&quot;loop&quot;:false,&quot;stagePadding&quot;:0}}}}'><\/div><\/div><div class=\"w-grid-none type_message\">Es wurden keine Ergebnisse gefunden.<\/div>\n            <\/div><\/div><\/div>\n          <\/div><\/div><\/section>\n","protected":false},"excerpt":{"rendered":"","protected":false},"author":1,"featured_media":0,"parent":0,"menu_order":0,"comment_status":"closed","ping_status":"closed","template":"","meta":{"_acf_changed":false,"footnotes":""},"class_list":["post-2843","page","type-page","status-publish","hentry"],"acf":[],"_links":{"self":[{"href":"https:\/\/hanmer.com.tr\/de\/wp-json\/wp\/v2\/pages\/2843","targetHints":{"allow":["GET"]}}],"collection":[{"href":"https:\/\/hanmer.com.tr\/de\/wp-json\/wp\/v2\/pages"}],"about":[{"href":"https:\/\/hanmer.com.tr\/de\/wp-json\/wp\/v2\/types\/page"}],"author":[{"embeddable":true,"href":"https:\/\/hanmer.com.tr\/de\/wp-json\/wp\/v2\/users\/1"}],"replies":[{"embeddable":true,"href":"https:\/\/hanmer.com.tr\/de\/wp-json\/wp\/v2\/comments?post=2843"}],"version-history":[{"count":0,"href":"https:\/\/hanmer.com.tr\/de\/wp-json\/wp\/v2\/pages\/2843\/revisions"}],"wp:attachment":[{"href":"https:\/\/hanmer.com.tr\/de\/wp-json\/wp\/v2\/media?parent=2843"}],"curies":[{"name":"wp","href":"https:\/\/api.w.org\/{rel}","templated":true}]}}